{"id":11439,"date":"2020-12-11T14:09:11","date_gmt":"2020-12-11T13:09:11","guid":{"rendered":"http:\/\/www.neu.popp.eu\/?page_id=11439"},"modified":"2021-01-26T08:43:36","modified_gmt":"2021-01-26T07:43:36","slug":"rauchwarnmelder-mit-sirene","status":"publish","type":"page","link":"https:\/\/popp.eu\/de\/produkte\/rauchwarnmelder-mit-sirene\/","title":{"rendered":"POPP Rauchwarnmelder mit steuerbarer Sirene (701486)"},"content":{"rendered":"<p>[vc_row][vc_column width=&#8220;1\/6&#8243;][\/vc_column][vc_column width=&#8220;2\/3&#8243;][vc_empty_space height=&#8220;80px&#8220;][vc_custom_heading text=&#8220;POPP RAUCHMELDER MIT<br \/>\nSTEUERBARER SIRENE V 1.2 (701486)&#8220; font_container=&#8220;tag:h2|text_align:center&#8220; use_theme_fonts=&#8220;yes&#8220;][vc_empty_space height=&#8220;80px&#8220;][vc_masonry_media_grid style=&#8220;load-more&#8220; element_width=&#8220;3&#8243; grid_id=&#8220;vc_gid:1611646855388-488a5801-3f0b-1&#8243; include=&#8220;11499,11500&#8243;][vc_empty_space height=&#8220;40px&#8220;][vc_column_text]Der<strong> POPP Rauchwarnmelder mit steuerbarer Sirene Version 1.2 (Produkt Code: 701486)<\/strong> erkennt zuverl\u00e4ssig entstehende Br\u00e4nde und Rauchentwicklungen. Potentielle Brandverursacher gibt es viele in den eigenen vier W\u00e4nden. Rauchmelder k\u00f6nnen Leben retten. Im Falle eines Feuers oder Rauchentwicklung z\u00e4hlt jede Sekunde, um kleine Br\u00e4nde gleich selbst zu l\u00f6schen sowie sich und andere schnell in Sicherheit zu bringen.<\/p>\n<p>Im Notfall alarmiert der POPP Rauchwarnmelder mit steuerbarer Sirene Sie akustisch und sendet automatisch ein Signal an alle POPP Rauchmelder, welche in Reichweite sind. Dieses &#8222;Meshing&#8220; funktioniert ganz automatisch und ohne zus\u00e4tzliche Konfiguration. Damit ist sichergestellt, dass alle Personen, auch in einem anderen Stockwerk, den Alarmton wahrnehmen.<\/p>\n<p>Dank der Z-Wave Funkvernetzung k\u00f6nnen Sie im Alarmfall \u00fcber die Smart Home Zentrale weitere Aktionen ausf\u00fchren lassen. Sichern Sie Fluchtwege, indem diese automatisch beleuchtet, Jalousien und Rolll\u00e4den hochgefahren und T\u00fcren entriegelt werden.<\/p>\n<p>Zudem kann das Z-Wave Ger\u00e4t auch als <strong>unabh\u00e4ngige Innensirene<\/strong>\u00a0in ein bestehendes Sicherheitssystem eingebunden werden.[\/vc_column_text][vc_empty_space height=&#8220;40px&#8220;][vc_tta_accordion active_section=&#8220;1&#8243;][vc_tta_section title=&#8220;HIGHLIGHTS&#8220; tab_id=&#8220;1462039446254-a71612d9-2b19&#8243;][vc_row_inner][vc_column_inner][vc_column_text]<\/p>\n<ul>\n<li>2-in-1 Rauchwarnmelder mit steuerbarer Innensirene<\/li>\n<li>Erkennt Rauch und Feuer<\/li>\n<li>Automatische Vernetzung aller Popp Rauchwarnmelder (POPE004001)<\/li>\n<li>Unabh\u00e4ngiger Betrieb ohne eine Smart Home Zentrale m\u00f6glich<\/li>\n<li>Einfache Installation<\/li>\n<li>Automatische Selbstkalibrierung und Selbsttest<\/li>\n<li>Zus\u00e4tzliche Nutzung als unabh\u00e4ngige Sirene (z.B. Einbruchs- oder Wasseralarm)<\/li>\n<li>Stromversorgung f\u00fcr Funkmodul: Netzbetrieb (mit optionalem Netzteil) oder Batterie<\/li>\n<li>9V Batterie (austauschbar)<\/li>\n<li>1,5 Jahre Batterielebensdauer (bei Nutzung der Sirenenfunktion k\u00fcrzer)<\/li>\n<li>Rauchmeldereinheit entspricht DIN:EN14604<\/li>\n<li>Security Command Class<\/li>\n<\/ul>\n<p>[\/vc_column_text][\/vc_column_inner][\/vc_row_inner][\/vc_tta_section][vc_tta_section title=&#8220;PRODUKTDETAILS&#8220; tab_id=&#8220;1462039446331-e7bbf359-6158&#8243;][vc_column_text]<\/p>\n<ul>\n<li>Artikelabmessungen (BxHxL): 106 x 52 x 106 mm<\/li>\n<li>Verpackungsabmessungen (BxHxL): 125 x 120 x 55 mm<\/li>\n<li>Artikelgewicht (netto): 0.113 Kg<\/li>\n<li>Artikelgewicht (brutto): 0.203 Kg<\/li>\n<li>Z-Wave Plus: ja<\/li>\n<li>CE: ja<\/li>\n<\/ul>\n<p>[\/vc_column_text][\/vc_tta_section][vc_tta_section title=&#8220;DOWNLOADS&#8220; tab_id=&#8220;1463610695891-082b0cba-747b&#8220;][vc_column_text]<\/p>\n<ul>\n<li><a href=\"\/wp-content\/uploads\/2021\/01\/DE_Rauchmelder-Sirene.pdf\" target=\"blank\" rel=\"noopener noreferrer\"><u>Flyer<\/u><\/a> Rauchmelder mit steuerbarer Sirene V 1.2<\/li>\n<li><a href=\"\/wp-content\/uploads\/2021\/01\/DE_Datenblatt_Rauchmelder-Sirene.pdf\" target=\"blank\" rel=\"noopener noreferrer\"><u>Datenblatt<\/u><\/a> Rauchmelder mit steuerbarer Sirene V 1.2<\/li>\n<li><a href=\"http:\/\/manual.zwave.eu\/backend\/make.php?lang=DE&amp;sku=POPE701486&amp;type=popp\" target=\"blank\" rel=\"noopener noreferrer\"><u>Handbuch<\/u><\/a> Rauchmelder mit steuerbarer Sirene V 1.2<\/li>\n<li><a href=\"\/wp-content\/uploads\/2020\/12\/POPE701486_CE-Deklaration.pdf\" target=\"blank\" rel=\"noopener noreferrer\"><u>CE Deklaration<\/u><\/a> Rauchmelder mit steuerbarer Sirene V 1.2<\/li>\n<\/ul>\n<p>[\/vc_column_text][\/vc_tta_section][\/vc_tta_accordion][vc_empty_space height=&#8220;50px&#8220;][vc_single_image image=&#8220;13006&#8243; img_size=&#8220;medium&#8220; alignment=&#8220;center&#8220; onclick=&#8220;custom_link&#8220; img_link_target=&#8220;_blank&#8220; link=&#8220;https:\/\/shop.zwave.eu\/de\/artikel\/sensoren\/rauch-feuer-und-wassersensoren\/2381\/popp-rauchmelder-mit-steuerbarer-sirene-v-1.2&#8243;][vc_empty_space height=&#8220;25px&#8220;][vc_btn title=&#8220;ZUM SHOP&#8220; style=&#8220;outline-custom&#8220; outline_custom_color=&#8220;#000000&#8243; outline_custom_hover_background=&#8220;#000000&#8243; outline_custom_hover_text=&#8220;#ffffff&#8220; size=&#8220;sm&#8220; align=&#8220;center&#8220; link=&#8220;url:https%3A%2F%2Fshop.zwave.eu%2Fde%2Fartikel%2Fsensoren%2Frauch-feuer-und-wassersensoren%2F2381%2Fpopp-rauchmelder-mit-steuerbarer-sirene-v-1.2|target:_blank&#8220;][\/vc_column][vc_column width=&#8220;1\/6&#8243;][\/vc_column][\/vc_row][vc_row][vc_column]<div class=\"ult-spacer spacer-69f647cbb0b8f\" data-id=\"69f647cbb0b8f\" data-height=\"80\" data-height-mobile=\"40\" data-height-tab=\"\" data-height-tab-portrait=\"\" data-height-mobile-landscape=\"40\" style=\"clear:both;display:block;\"><\/div>[\/vc_column][\/vc_row]<\/p>\n","protected":false},"excerpt":{"rendered":"<p>[vc_row][vc_column width=&#8220;1\/6&#8243;][\/vc_column][vc_column width=&#8220;2\/3&#8243;][vc_empty_space height=&#8220;80px&#8220;][vc_custom_heading text=&#8220;POPP RAUCHMELDER MIT STEUERBARER SIRENE V 1.2 (701486)&#8220; font_container=&#8220;tag:h2|text_align:center&#8220; use_theme_fonts=&#8220;yes&#8220;][vc_empty_space height=&#8220;80px&#8220;][vc_masonry_media_grid style=&#8220;load-more&#8220; element_width=&#8220;3&#8243; grid_id=&#8220;vc_gid:1611646855388-488a5801-3f0b-1&#8243; include=&#8220;11499,11500&#8243;][vc_empty_space height=&#8220;40px&#8220;][vc_column_text]Der POPP Rauchwarnmelder mit steuerbarer Sirene Version 1.2 (Produkt Code: 701486) erkennt zuverl\u00e4ssig entstehende Br\u00e4nde und Rauchentwicklungen. Potentielle Brandverursacher gibt es viele in den eigenen vier W\u00e4nden. Rauchmelder k\u00f6nnen Leben retten. Im Falle eines Feuers oder [&hellip;]<\/p>\n","protected":false},"author":1,"featured_media":0,"parent":10693,"menu_order":0,"comment_status":"closed","ping_status":"closed","template":"page.php","meta":{"_cbd_carousel_blocks":"[]","footnotes":""},"class_list":["post-11439","page","type-page","status-publish","hentry"],"_links":{"self":[{"href":"https:\/\/popp.eu\/de\/wp-json\/wp\/v2\/pages\/11439","targetHints":{"allow":["GET"]}}],"collection":[{"href":"https:\/\/popp.eu\/de\/wp-json\/wp\/v2\/pages"}],"about":[{"href":"https:\/\/popp.eu\/de\/wp-json\/wp\/v2\/types\/page"}],"author":[{"embeddable":true,"href":"https:\/\/popp.eu\/de\/wp-json\/wp\/v2\/users\/1"}],"replies":[{"embeddable":true,"href":"https:\/\/popp.eu\/de\/wp-json\/wp\/v2\/comments?post=11439"}],"version-history":[{"count":15,"href":"https:\/\/popp.eu\/de\/wp-json\/wp\/v2\/pages\/11439\/revisions"}],"predecessor-version":[{"id":13056,"href":"https:\/\/popp.eu\/de\/wp-json\/wp\/v2\/pages\/11439\/revisions\/13056"}],"up":[{"embeddable":true,"href":"https:\/\/popp.eu\/de\/wp-json\/wp\/v2\/pages\/10693"}],"wp:attachment":[{"href":"https:\/\/popp.eu\/de\/wp-json\/wp\/v2\/media?parent=11439"}],"curies":[{"name":"wp","href":"https:\/\/api.w.org\/{rel}","templated":true}]}}