{"id":11093,"date":"2020-12-08T11:31:26","date_gmt":"2020-12-08T10:31:26","guid":{"rendered":"http:\/\/www.neu.popp.eu\/?page_id=11093"},"modified":"2026-04-02T06:25:14","modified_gmt":"2026-04-02T04:25:14","slug":"impressum","status":"publish","type":"page","link":"https:\/\/popp.eu\/de\/impressum\/","title":{"rendered":"Impressum POPP &#038; Co."},"content":{"rendered":"<p>[vc_row][vc_column][vc_empty_space height=&#8220;50px&#8220;][vc_column_text]<strong>Impressum<\/strong><\/p>\n<p>POPP ist eine eingetragene Marke der Z-Wave Europe GmbH<\/p>\n<p><strong>Verantwortlich f\u00fcr Inhalt<\/strong><br \/>\nZ-Wave Europe GmbH<br \/>\nNeefestr. 147<br \/>\n09116 Chemnitz<br \/>\nDeutschland<\/p>\n<p><strong>Vertreten durch<\/strong><br \/>\nSebastian Reichel (Gesch\u00e4ftsf\u00fchrer)<\/p>\n<p><strong>Kontakt<\/strong><br \/>\nTelefon: +49 (0) 371 335 675 20<br \/>\nE-Mail: info@popp.eu<br \/>\nInternet: www.popp.eu<\/p>\n<p><strong>Registereintrag (Eintragung ins Handelsregister)<\/strong><br \/>\nRegisternumber: HRB 18307<br \/>\nRegistergericht: Handelsregister Chemnitz<\/p>\n<p><strong>Umsatzsteuer-Identifikationsnummer<\/strong><br \/>\ngem\u00e4\u00df \u00a7 27a Umsatzsteuergesetz<br \/>\nDE 212 669 634 (USt-ID)<\/p>\n<p><strong>Inhaltlich Verantwortlicher i.S.d. \u00a7 55 Abs. 2 RStV:<\/strong><br \/>\nSebastian Reichel, Gesch\u00e4ftsf\u00fchrer, Antonstr. 3, 09337 Hohenstein-Ernstthal[\/vc_column_text][vc_empty_space height=&#8220;50px&#8220;][vc_column_text]<\/p>\n<h3>Haftungsausschluss<\/h3>\n<p><strong>1. Haftung f\u00fcr Inhalte<\/strong><br \/>\nDie Inhalte unserer Seiten wurden mit gr\u00f6\u00dfter Sorgfalt erstellt. F\u00fcr die Richtigkeit, Vollst\u00e4ndigkeit und Aktualit\u00e4t der Inhalte k\u00f6nnen wir jedoch keine Gew\u00e4hr \u00fcbernehmen. Als Diensteanbieter sind wir gem\u00e4\u00df \u00a7 7 Abs.1 TMG f\u00fcr eigene Inhalte auf diesen Seiten nach den allgemeinen Gesetzen verantwortlich. Nach \u00a7\u00a7 8 bis 10 TMG sind wir als Diensteanbieter jedoch nicht verpflichtet, \u00fcbermittelte oder gespeicherte fremde Informationen zu \u00fcberwachen oder nach Umst\u00e4nden zu forschen, die auf eine rechtswidrige T\u00e4tigkeit hinweisen. Verpflichtungen zur Entfernung oder Sperrung der Nutzung von Informationen nach den allgemeinen Gesetzen bleiben hiervon unber\u00fchrt. Eine diesbez\u00fcgliche Haftung ist jedoch erst ab dem Zeitpunkt der Kenntnis einer konkreten Rechtsverletzung m\u00f6glich. Bei Bekanntwerden von entsprechenden Rechtsverletzungen werden wir diese Inhalte umgehend entfernen.<\/p>\n<p><strong>2. Haftung f\u00fcr externe Links<\/strong><br \/>\nUnser Angebot enth\u00e4lt Links zu externen Webseiten Dritter, auf deren Inhalte wir keinen Einfluss haben. Deshalb k\u00f6nnen wir f\u00fcr diese fremden Inhalte auch keine Gew\u00e4hr \u00fcbernehmen. F\u00fcr die Inhalte der verlinkten Seiten ist stets der jeweilige Anbieter oder Betreiber der Seiten verantwortlich. Die verlinkten Seiten wurden zum Zeitpunkt der Verlinkung auf m\u00f6gliche Rechtsverst\u00f6\u00dfe \u00fcberpr\u00fcft. Rechtswidrige Inhalte waren zum Zeitpunkt der Verlinkung nicht erkennbar. Eine permanente inhaltliche Kontrolle der verlinkten Seiten ist jedoch ohne konkrete Anhaltspunkte einer Rechtsverletzung nicht zumutbar. Bei Bekanntwerden von Rechtsverletzungen werden wir derartige Links umgehend entfernen.<\/p>\n<p><strong>3. Urheber- und Leistungsschutzrechte<\/strong><br \/>\nDie durch die Seitenbetreiber erstellten bzw. verwendeten Inhalte und Werke auf diesen Seiten unterliegen dem deutschen Urheberrecht. Die Vervielf\u00e4ltigung, Bearbeitung, Verbreitung und jede Art der Verwertung au\u00dferhalb der Grenzen des Urheberrechtes bed\u00fcrfen der Zustimmung des jeweiligen Autors bzw. Erstellers. Downloads und Kopien dieser Seite sind nur f\u00fcr den privaten, nicht kommerziellen Gebrauch gestattet. Soweit die Inhalte auf dieser Seite nicht vom Betreiber erstellt wurden, werden die Urheberrechte Dritter beachtet. Insbesondere werden Inhalte Dritter als solche gekennzeichnet. Sollten Sie trotzdem auf eine Urheberrechtsverletzung aufmerksam werden, bitten wir um einen entsprechenden Hinweis. Bei Bekanntwerden von Rechtsverletzungen werden wir derartige Inhalte umgehend entfernen.<\/p>\n<p>Die Darstellung dieser Website in fremden Frames ist nur mit schriftlicher Erlaubnis zul\u00e4ssig.<\/p>\n<p><strong>4. Besondere Nutzungsbedingungen<\/strong><br \/>\nSoweit besondere Bedingungen f\u00fcr einzelne Nutzungen dieser Website von den vorgenannten Nummern 1. bis 3. abweichen, wird an entsprechender Stelle ausdr\u00fccklich darauf hingewiesen. In diesem Falle gelten im jeweiligen Einzelfall die besonderen Nutzungsbedingungen.<\/p>\n<p><strong>Gesetzlicher Hinweis:<\/strong><\/p>\n<p>Die auf diesen Seiten ver\u00f6ffentlichten Bilder sind urheberrechtlich gesch\u00fctzt.<br \/>\nDie Urheber sind folgende: Z-Wave Europe und <a href=\"https:\/\/shared-assets.adobe.com\/link\/ab4b43be-e7c7-4fab-68cc-3d356797bad9\" target=\"_blank\" rel=\"noopener noreferrer\">Adobe Stock<\/a>.<\/p>\n<p>F\u00fcr Fehler im Text oder falsche Links wird keine Haftung \u00fcbernommen. F\u00fcr die Inhalte externer Links sind die jeweiligen Anbieter verantwortlich.[\/vc_column_text][vc_empty_space height=&#8220;50px&#8220;][\/vc_column][\/vc_row]<\/p>\n","protected":false},"excerpt":{"rendered":"<p>[vc_row][vc_column][vc_empty_space height=&#8220;50px&#8220;][vc_column_text]Impressum POPP ist eine eingetragene Marke der Z-Wave Europe GmbH Verantwortlich f\u00fcr Inhalt Z-Wave Europe GmbH Neefestr. 147 09116 Chemnitz Deutschland Vertreten durch Sebastian Reichel (Gesch\u00e4ftsf\u00fchrer) Kontakt Telefon: +49 (0) 371 335 675 20 E-Mail: info@popp.eu Internet: www.popp.eu Registereintrag (Eintragung ins Handelsregister) Registernumber: HRB 18307 Registergericht: Handelsregister Chemnitz Umsatzsteuer-Identifikationsnummer gem\u00e4\u00df \u00a7 27a Umsatzsteuergesetz DE [&hellip;]<\/p>\n","protected":false},"author":1,"featured_media":0,"parent":0,"menu_order":0,"comment_status":"closed","ping_status":"open","template":"one-page-template.php","meta":{"_cbd_carousel_blocks":"[]","footnotes":""},"class_list":["post-11093","page","type-page","status-publish","hentry"],"_links":{"self":[{"href":"https:\/\/popp.eu\/de\/wp-json\/wp\/v2\/pages\/11093","targetHints":{"allow":["GET"]}}],"collection":[{"href":"https:\/\/popp.eu\/de\/wp-json\/wp\/v2\/pages"}],"about":[{"href":"https:\/\/popp.eu\/de\/wp-json\/wp\/v2\/types\/page"}],"author":[{"embeddable":true,"href":"https:\/\/popp.eu\/de\/wp-json\/wp\/v2\/users\/1"}],"replies":[{"embeddable":true,"href":"https:\/\/popp.eu\/de\/wp-json\/wp\/v2\/comments?post=11093"}],"version-history":[{"count":31,"href":"https:\/\/popp.eu\/de\/wp-json\/wp\/v2\/pages\/11093\/revisions"}],"predecessor-version":[{"id":13980,"href":"https:\/\/popp.eu\/de\/wp-json\/wp\/v2\/pages\/11093\/revisions\/13980"}],"wp:attachment":[{"href":"https:\/\/popp.eu\/de\/wp-json\/wp\/v2\/media?parent=11093"}],"curies":[{"name":"wp","href":"https:\/\/api.w.org\/{rel}","templated":true}]}}